{"id":339,"date":"2023-12-01T21:36:29","date_gmt":"2023-12-01T21:36:29","guid":{"rendered":"https:\/\/www.ripefruit.com\/yellow-house-kitzbuhel-austria\/?page_id=339"},"modified":"2023-12-01T21:36:29","modified_gmt":"2023-12-01T21:36:29","slug":"arztehaus","status":"publish","type":"page","link":"https:\/\/www.ripefruit.com\/yellow-house-kitzbuhel-austria\/arztehaus","title":{"rendered":"Update: Arztehaus"},"content":{"rendered":"<p>Well, this came as a bit of a shock but the Yellow House is no more.<\/p>\n<p>The building that was once the Yellow House at 2 Bahnhofstra\u00dfe, Kitzbuhel, Tyrol has been replaced by ARZTEHAUS Kitzbuhel.<\/p>\n<p>\u00c4rztehaus Kitzb\u00fchel<\/p>\n<p>Address: Rennfeld, 6370 Kitzb\u00fchel, Austria<\/p>\n<p><img loading=\"lazy\" decoding=\"async\" class=\"alignnone size-full wp-image-341\" src=\"https:\/\/www.ripefruit.com\/yellow-house-kitzbuhel-austria\/wp-content\/uploads\/2023\/12\/2023-12-02_8-21-58.jpg\" alt=\"\" width=\"1349\" height=\"792\" srcset=\"https:\/\/www.ripefruit.com\/yellow-house-kitzbuhel-austria\/wp-content\/uploads\/2023\/12\/2023-12-02_8-21-58.jpg 1349w, https:\/\/www.ripefruit.com\/yellow-house-kitzbuhel-austria\/wp-content\/uploads\/2023\/12\/2023-12-02_8-21-58-300x176.jpg 300w, https:\/\/www.ripefruit.com\/yellow-house-kitzbuhel-austria\/wp-content\/uploads\/2023\/12\/2023-12-02_8-21-58-1024x601.jpg 1024w, https:\/\/www.ripefruit.com\/yellow-house-kitzbuhel-austria\/wp-content\/uploads\/2023\/12\/2023-12-02_8-21-58-768x451.jpg 768w\" sizes=\"auto, (max-width: 1349px) 100vw, 1349px\" \/><\/p>\n","protected":false},"excerpt":{"rendered":"<p>Well, this came as a bit of a shock but the Yellow House is no more. The building that was once the Yellow House at 2 Bahnhofstra\u00dfe, Kitzbuhel, Tyrol has been replaced by ARZTEHAUS Kitzbuhel. \u00c4rztehaus Kitzb\u00fchel Address: Rennfeld, 6370 Kitzb\u00fchel, Austria<\/p>\n","protected":false},"author":1,"featured_media":0,"parent":0,"menu_order":0,"comment_status":"closed","ping_status":"closed","template":"","meta":{"_genesis_hide_title":false,"_genesis_hide_breadcrumbs":false,"_genesis_hide_singular_image":false,"_genesis_hide_footer_widgets":false,"_genesis_custom_body_class":"","_genesis_custom_post_class":"","_genesis_layout":"","ngg_post_thumbnail":0,"footnotes":""},"class_list":{"0":"post-339","1":"page","2":"type-page","3":"status-publish","5":"entry","6":"has-post-thumbnail"},"_links":{"self":[{"href":"https:\/\/www.ripefruit.com\/yellow-house-kitzbuhel-austria\/wp-json\/wp\/v2\/pages\/339","targetHints":{"allow":["GET"]}}],"collection":[{"href":"https:\/\/www.ripefruit.com\/yellow-house-kitzbuhel-austria\/wp-json\/wp\/v2\/pages"}],"about":[{"href":"https:\/\/www.ripefruit.com\/yellow-house-kitzbuhel-austria\/wp-json\/wp\/v2\/types\/page"}],"author":[{"embeddable":true,"href":"https:\/\/www.ripefruit.com\/yellow-house-kitzbuhel-austria\/wp-json\/wp\/v2\/users\/1"}],"replies":[{"embeddable":true,"href":"https:\/\/www.ripefruit.com\/yellow-house-kitzbuhel-austria\/wp-json\/wp\/v2\/comments?post=339"}],"version-history":[{"count":3,"href":"https:\/\/www.ripefruit.com\/yellow-house-kitzbuhel-austria\/wp-json\/wp\/v2\/pages\/339\/revisions"}],"predecessor-version":[{"id":343,"href":"https:\/\/www.ripefruit.com\/yellow-house-kitzbuhel-austria\/wp-json\/wp\/v2\/pages\/339\/revisions\/343"}],"wp:attachment":[{"href":"https:\/\/www.ripefruit.com\/yellow-house-kitzbuhel-austria\/wp-json\/wp\/v2\/media?parent=339"}],"curies":[{"name":"wp","href":"https:\/\/api.w.org\/{rel}","templated":true}]}}